{"id":65,"date":"2022-11-09T09:24:56","date_gmt":"2022-11-09T09:24:56","guid":{"rendered":"https:\/\/www.abbeywoodtherapy.co.uk\/?page_id=65"},"modified":"2026-02-13T10:34:13","modified_gmt":"2026-02-13T10:34:13","slug":"about-laurentiu-trandafir","status":"publish","type":"page","link":"https:\/\/www.abbeywoodtherapy.co.uk\/ro\/about-laurentiu-trandafir\/","title":{"rendered":"Despre Laurentiu Trandafir"},"content":{"rendered":"<!--themify_builder_content-->\n<div id=\"themify_builder_content-65\" data-postid=\"65\" class=\"themify_builder_content themify_builder_content-65 themify_builder tf_clear\">\n                    <div  data-lazy=\"1\" class=\"module_row themify_builder_row tb_0ydo550 tb_first tf_w\">\n                        <div class=\"row_inner col_align_top tb_col_count_3 tf_box tf_rel\">\n                        <div  data-lazy=\"1\" class=\"module_column tb-column col4-1 tb_8nts550 first\">\n                            <\/div>\n                    <div  data-lazy=\"1\" class=\"module_column tb-column col4-2 tb_geuu637\">\n                    <!-- module text -->\n<div  class=\"module module-text tb_n122156\" data-lazy=\"1\">\n        <div  class=\"tb_text_wrap\">\n        <h1 style=\"text-align: center;\">Despre Laurentiu Trandafir<\/h1>    <\/div>\n<\/div>\n<!-- \/module text -->        <\/div>\n                    <div  data-lazy=\"1\" class=\"module_column tb-column col4-1 tb_30go638 last\">\n                            <\/div>\n                        <\/div>\n        <\/div>\n                        <div  data-lazy=\"1\" class=\"module_row themify_builder_row tb_z38p5 tf_w\">\n                        <div class=\"row_inner col_align_top tb_col_count_4 tf_box tf_rel\">\n                        <div  data-lazy=\"1\" class=\"module_column tb-column col4-1 tb_ldyi5 first\">\n                            <\/div>\n                    <div  data-lazy=\"1\" class=\"module_column tb-column col4-1 tb_1src225\">\n                    <!-- module text -->\n<div  class=\"module module-text tb_d26c7\" data-lazy=\"1\">\n        <div  class=\"tb_text_wrap\">\n        <h2>Calific\u0103ri \u0219i preg\u0103tire<\/h2>\n<ul>\n<li>Formare \u00een psihoterapie psihanalitic\u0103, Breasla Psihoterapeu\u021bilor (\u00een desf\u0103\u0219urare)<\/li>\n<li>Certificat postuniversitar, Psihanaliza.<\/li>\n<li>BA (Hons), Filosofie Politic\u0103<\/li>\n<\/ul>    <\/div>\n<\/div>\n<!-- \/module text -->        <\/div>\n                    <div  data-lazy=\"1\" class=\"module_column tb-column col4-1 tb_ovr8226\">\n                    <!-- module image -->\n<div  class=\"module module-image tb_j795944 image-center bordered circle  tf_mw\" data-lazy=\"1\">\n        <div class=\"image-wrap tf_rel tf_mw\">\n            <img loading=\"lazy\" decoding=\"async\" width=\"532\" height=\"532\" src=\"https:\/\/www.abbeywoodtherapy.co.uk\/wp-content\/uploads\/2022\/11\/Laurentiu-Trandafir-Abbey-Wood-Therapy.jpg\" class=\"wp-post-image wp-image-280\" title=\"Laurentiu-Trandafir-Abbey-Wood-Therapy\" alt=\"Laurentiu Trandafir, Abbey Wood Therapy, Psychonalytic Psychotherapist\" srcset=\"https:\/\/www.abbeywoodtherapy.co.uk\/wp-content\/uploads\/2022\/11\/Laurentiu-Trandafir-Abbey-Wood-Therapy.jpg 532w, https:\/\/www.abbeywoodtherapy.co.uk\/wp-content\/uploads\/2022\/11\/Laurentiu-Trandafir-Abbey-Wood-Therapy-300x300.jpg 300w, https:\/\/www.abbeywoodtherapy.co.uk\/wp-content\/uploads\/2022\/11\/Laurentiu-Trandafir-Abbey-Wood-Therapy-150x150.jpg 150w\" sizes=\"auto, (max-width: 532px) 100vw, 532px\" \/>    \n        <\/div>\n    <!-- \/image-wrap -->\n    \n        <\/div>\n<!-- \/module image -->        <\/div>\n                    <div  data-lazy=\"1\" class=\"module_column tb-column col4-1 tb_35w6227 last\">\n                            <\/div>\n                        <\/div>\n        <\/div>\n                        <div  data-lazy=\"1\" class=\"module_row themify_builder_row tb_lluk5 tf_w\">\n                        <div class=\"row_inner col_align_top tb_col_count_3 tf_box tf_rel\">\n                        <div  data-lazy=\"1\" class=\"module_column tb-column col3-1 tb_vkhl7 first\">\n                            <\/div>\n                    <div  data-lazy=\"1\" class=\"module_column tb-column col3-1 tb_2qnk7\">\n                    <!-- module image -->\n<div  class=\"module module-image tb_b1jn7 image-center   tf_mw\" data-lazy=\"1\">\n        <div class=\"image-wrap tf_rel tf_mw\">\n            <img loading=\"lazy\" decoding=\"async\" width=\"137\" height=\"48\" src=\"https:\/\/www.abbeywoodtherapy.co.uk\/wp-content\/uploads\/2022\/11\/divider-mid-green.svg\" class=\"wp-post-image wp-image-111\" title=\"divider-mid-green\" alt=\"Abbey Wood Therapy, Divider,\">    \n        <\/div>\n    <!-- \/image-wrap -->\n    \n        <\/div>\n<!-- \/module image --><!-- module text -->\n<div  class=\"module module-text tb_e0jr7\" data-lazy=\"1\">\n        <div  class=\"tb_text_wrap\">\n        <h2>Preg\u0103tire clinic\u0103 \u00een Psihoterapie Psihanalitic\u0103\u00a0<\/h2>\n<p>M\u0103 apropii de finalul preg\u0103tirii mele (2022) la Breasla Psihoterapeu\u021bilor, lucr\u00e2nd spre acreditarea complet\u0103 (dup\u0103 5 ani). Am calitate de membru  al BACP, membru stagiar al UKCP \u0219i respect Codul lor de practic\u0103 etic\u0103.<\/p>\n<h2>Experien\u021b\u0103<\/h2>\n<p>Am \u00eencercat s\u0103 dau un sens lumii (sau oamenilor) din jurul meu de c\u00e2nd m\u0103 \u0219tiu. Interesul meu m-a dus la psihologie \u0219i, mai larg, la \u00eentreb\u0103ri despre cum func\u021bioneaz\u0103 mintea uman\u0103.<\/p>\n<p>De ce suntem tri\u0219ti? Sau ferici\u021bi? Sau chiar furio\u0219i? Este doar un r\u0103spuns la o ac\u021biune extern\u0103, prezent\u0103 sau este ceva mai mult dec\u00e2t at\u00e2t?\u00a0<\/p>\n<p>Dac\u0103 trecutul influen\u021beaz\u0103 prezentul, atunci cum putem introduce schimbarea? Este via\u021ba noastr\u0103 determinat\u0103 de la na\u0219tere sau putem face alegeri? Dac\u0103 o facem, de unde \u0219tim c\u0103 am f\u0103cut alegerea(ile) potrivit\u0103(e)?<\/p>\n<p>Toate aceste \u00eentreb\u0103ri m-au determinat s\u0103 studiez filozofia \u00eencerc\u00e2nd s\u0103-mi dau seama cum au r\u0103spuns al\u021bii la aceste \u00eentreb\u0103ri \u00eenaintea noastr\u0103.<\/p>\n<h2>De ce am devenit psihoterapeut<\/h2>\n<p>Dup\u0103 aceea mi-am dat seama c\u0103 poate exista o modalitate de a r\u0103spunde la unele, dac\u0103 nu la toate aceste \u00eentreb\u0103ri pentru noi \u00een\u0219ine. Asta m-a adus la psihanaliz\u0103.\u00a0<\/p>\n<p>Mi-am dat seama c\u0103 psihoterapia este o c\u0103l\u0103torie pe care porne\u0219ti, dac\u0103 dore\u0219ti s\u0103 afli cum ai ajuns s\u0103 fii cine e\u0219ti. De asemenea, po\u021bi s\u0103-\u021bi redescoperi trecutul \u00eentr-o alt\u0103 lumin\u0103. S-ar putea s\u0103 nu fie \u00eentotdeauna u\u0219or sau confortabil, dar este o cale c\u0103tre autocunoa\u0219tere.\u00a0<\/p>\n<p>Am devenit psihoterapeut pentru c\u0103 am vrut s\u0103 fiu acolo pentru al\u021bi oameni \u00een c\u0103l\u0103toria lor, indiferent cu ce au de-a face.<\/p>\n<h2>Cum lucrez<\/h2>\n<p>Lucrez \u00eencerc\u00e2nd s\u0103 explorez \u00eempreun\u0103 cu tine diferitele aspecte ale vie\u021bii pe care le g\u0103se\u0219ti dificile, provocatoare sau \u00een func\u021bie de care care te sim\u021bi ambivalent.<\/p>\n<p>Sunt interesat de ceea ce te determin\u0103 s\u0103 cau\u021bi psihoterapia, leg\u0103tura dintre copil\u0103rie \u0219i alte experien\u021be din trecut \u0219i dificult\u0103\u021bile tale prezente, precum \u0219i descoperirea unor p\u0103r\u021bi incon\u0219tiente ale personalit\u0103\u021bii tale.<\/p>\n<p>Citi\u021bi mai multe despre <a href=\"https:\/\/www.abbeywoodtherapy.co.uk\/ro\/?page_id=67\">abordarea mea \u2192\u00a0<\/a><\/p>\n<h2>Despre spa\u021biu<\/h2>\n<p>Lucrez dintr-o camer\u0103 de consultan\u021b\u0103 lini\u0219tit\u0103 \u0219i confortabil\u0103 din Abbey Wood, la c\u00e2teva minute de sta\u021bia Abbey Wood \u0219i noua linie Elizabeth.<\/p>\n<p>De asemenea, v\u0103d oameni \u00een centrul Londrei la Breasla Psihoterapeu\u021bilor din Southwark.\u00a0<\/p>\n<p>Lucrez \u0219i online cu oameni care locuiesc \u00een afara Londrei.<\/p>    <\/div>\n<\/div>\n<!-- \/module text --><!-- module template_part -->\n<div  class=\"module module-layout-part tb_ccco597\">\n    <div class=\"tb_layout_part_wrap tf_w\"><!--themify_builder_content-->\n    <div  class=\"themify_builder_content themify_builder_content-331 themify_builder not_editable_builder in_the_loop\" data-postid=\"331\">\n                        <div  data-lazy=\"1\" class=\"module_row themify_builder_row tb_jtts403 tf_w\">\n                        <div class=\"row_inner col_align_top tb_col_count_1 tf_box tf_rel\">\n                        <div  data-lazy=\"1\" class=\"module_column tb-column col-full   tb_6kn8565 first\">\n                    <!-- module text -->\n<div  class=\"module module-text tb_wwk5388\" data-lazy=\"1\">\n        <div  class=\"tb_text_wrap\">\n        <h2>De ce s\u0103 alege\u021bi Abbey Wood Therapy<\/h2>\n<ul>\n<li>Pentru a \u00een\u021belege mai bine natura min\u021bii tale \u0219i dinamica ei.<\/li>\n<li>Pentru a ob\u021bine mai mult\u0103 cunoa\u0219tere de sine \u0219i despre rela\u021biile cu ceilal\u021bi.<\/li>\n<li>Pentru a-\u021bi \u00eembun\u0103t\u0103\u021bi modul de a face fa\u021b\u0103 durerii sau suferin\u021bei tale psihologice.\u00a0<\/li>\n<\/ul>    <\/div>\n<\/div>\n<!-- \/module text -->        <\/div>\n                        <\/div>\n        <\/div>\n            <\/div>\n<!--\/themify_builder_content--><\/div>\n<\/div>\n<!-- \/module template_part --><!-- module template_part -->\n<div  class=\"module module-layout-part tb_6piw306\">\n    <div class=\"tb_layout_part_wrap tf_w\"><!--themify_builder_content-->\n    <div  class=\"themify_builder_content themify_builder_content-329 themify_builder not_editable_builder in_the_loop\" data-postid=\"329\">\n                        <div  data-lazy=\"1\" class=\"module_row themify_builder_row tb_ko0c637 tf_w\">\n                        <div class=\"row_inner col_align_top tb_col_count_1 tf_box tf_rel\">\n                        <div  data-lazy=\"1\" class=\"module_column tb-column col-full   tb_wkqo363 first\">\n                    <!-- module accordion -->\n<div  class=\"module module-accordion tb_wjjn895\" data-behavior=\"accordion\" data-lazy=\"1\">\n    \n    <ul class=\"ui module-accordion   tb_default_color\">\n            <li>\n            <div class=\"accordion-title tf_rel\">\n                <a href=\"#acc-wjjn895-0\" class=\"tb_title_accordion\" aria-controls=\"acc-wjjn895-0-content\" aria-expanded=\"false\">\n                    <i class=\"accordion-icon\"><svg  class=\"tf_fa tf-ti-angle-down\" aria-hidden=\"true\"><use href=\"#tf-ti-angle-down\"><\/use><\/svg><\/i>                    <i class=\"accordion-active-icon tf_hide\"><svg  class=\"tf_fa tf-ti-angle-up\" aria-hidden=\"true\"><use href=\"#tf-ti-angle-up\"><\/use><\/svg><\/i>                    <span class=\"accordion-title-wrap\">Probleme cu care lucrez<\/span>                <\/a>\n            <\/div><!-- .accordion-title -->\n            <div id=\"acc-wjjn895-0-content\" data-id=\"acc-wjjn895-0\" aria-hidden=\"true\" class=\"accordion-content tf_hide tf_clearfix\">\n                                    <div class=\"tb_text_wrap\">\n                        <p>\u00centrerupere de sarcina<\/p>\n<p>Abuz<\/p>\n<p>Dependen\u021b\u0103<\/p>\n<p>\u00cen\u0219el\u0103ri \u0219i tr\u0103d\u0103ri<\/p>\n<p>Management al furiei<\/p>\n<p>Anxietate<\/p>\n<p>Doliu<\/p>\n<p>Bullying<\/p>\n<p>Depresie<\/p>\n<p>Abuz domestic<\/p>\n<p>Tulbur\u0103ri de alimenta\u021bie<\/p>\n<p>Abuz emo\u021bional<\/p>\n<p>Probleme de familie<\/p>\n<p>Tulburare de anxietate generalizat\u0103<\/p>\n<p>HIV\/SIDA<\/p>\n<p>Infertilitate<\/p>\n<p>Consiliere LGBTQ+<\/p>\n<p>\u00cencredere de sine sc\u0103zut\u0103<\/p>\n<p>Stim\u0103 de sine sc\u0103zut\u0103<\/p>\n<p>Avort<\/p>\n<p>Tulburare obsesiv-compulsiv\u0103 (TOC)<\/p>\n<p>Atacuri de panic\u0103<\/p>\n<p>Comportament pasiv-agresiv<\/p>\n<p>Fobii<\/p>\n<p>Abuz fizic<\/p>\n<p>Tulburare de stres posttraumatic (PTSD)<\/p>\n<p>Depresia postnatal\u0103<\/p>\n<p>Probleme de rela\u021bie<\/p>\n<p>Tulburare afectiv\u0103 sezonier\u0103 (TAS)<\/p>\n<p>Auto-v\u0103t\u0103mare<\/p>\n<p>Separare si divor\u021b<\/p>\n<p>Abuz sexual<\/p>\n<p>Stres<\/p>\n<p>G\u00e2ndurile de sinucidere<\/p>\n<p>Traum\u0103<\/p>\n<p>Stres legat de munc\u0103<\/p>                    <\/div>\n                            <\/div><!-- .accordion-content -->\n        <\/li>\n        <\/ul>\n\n<\/div><!-- \/module accordion -->        <\/div>\n                        <\/div>\n        <\/div>\n            <\/div>\n<!--\/themify_builder_content--><\/div>\n<\/div>\n<!-- \/module template_part -->        <\/div>\n                    <div  data-lazy=\"1\" class=\"module_column tb-column col3-1 tb_tkzj7 last\">\n                            <\/div>\n                        <\/div>\n        <\/div>\n                        <div  data-lazy=\"1\" class=\"module_row themify_builder_row tb_clri5 tf_w\">\n                        <div class=\"row_inner col_align_top tb_col_count_1 tf_box tf_rel\">\n                        <div  data-lazy=\"1\" class=\"module_column tb-column col-full tb_qyu011 first\">\n                    <!-- module template_part -->\n<div  class=\"module module-layout-part tb_6zux77\">\n    <div class=\"tb_layout_part_wrap tf_w\"><!--themify_builder_content-->\n    <div  class=\"themify_builder_content themify_builder_content-304 themify_builder not_editable_builder in_the_loop\" data-postid=\"304\">\n                        <div  data-lazy=\"1\" class=\"module_row themify_builder_row tb_hqd3840 tf_w\">\n                        <div class=\"row_inner col_align_top tb_col_count_3 tf_box tf_rel\">\n                        <div  data-lazy=\"1\" class=\"module_column tb-column col3-1 tb_b10h840 first\">\n                            <\/div>\n                    <div  data-lazy=\"1\" class=\"module_column tb-column col3-1 tb_qfys840\">\n                    <!-- module image -->\n<div  class=\"module module-image tb_xvwf840 image-center   tf_mw\" data-lazy=\"1\">\n        <div class=\"image-wrap tf_rel tf_mw\">\n            <img loading=\"lazy\" decoding=\"async\" src=\"https:\/\/www.abbeywoodtherapy.co.uk\/wp-content\/uploads\/2022\/11\/icon-page-bottom.svg\" width=\"50\" height=\"43\" class=\"wp-post-image wp-image-276\" title=\"icon-page-bottom\" alt=\"Abbey Wood Therapy, Green, grey and white icon\">    \n        <\/div>\n    <!-- \/image-wrap -->\n    \n        <\/div>\n<!-- \/module image -->        <\/div>\n                    <div  data-lazy=\"1\" class=\"module_column tb-column col3-1 tb_k6ti840 last\">\n                            <\/div>\n                        <\/div>\n        <\/div>\n            <\/div>\n<!--\/themify_builder_content--><\/div>\n<\/div>\n<!-- \/module template_part -->        <\/div>\n                        <\/div>\n        <\/div>\n        <\/div>\n<!--\/themify_builder_content-->","protected":false},"excerpt":{"rendered":"<p>Despre Laurentiu Trandafir<\/p>","protected":false},"author":1,"featured_media":0,"parent":0,"menu_order":0,"comment_status":"closed","ping_status":"closed","template":"","meta":{"inline_featured_image":false,"footnotes":""},"class_list":["post-65","page","type-page","status-publish","hentry","has-post-title","has-post-date","has-post-category","has-post-tag","has-post-comment","has-post-author",""],"yoast_head":"<!-- This site is optimized with the Yoast SEO plugin v27.3 - https:\/\/yoast.com\/product\/yoast-seo-wordpress\/ -->\n<title>Laurentiu Trandafir | Psychoanalytic Psychotherapist | Abbey Wood<\/title>\n<meta name=\"description\" content=\"I became a psychotherapist because I wanted to be there for other people on their journey, no matter what they are dealing with.\" \/>\n<meta name=\"robots\" content=\"index, follow, max-snippet:-1, max-image-preview:large, max-video-preview:-1\" \/>\n<link rel=\"canonical\" href=\"https:\/\/www.abbeywoodtherapy.co.uk\/ro\/about-laurentiu-trandafir\/\" \/>\n<meta property=\"og:locale\" content=\"ro_RO\" \/>\n<meta property=\"og:type\" content=\"article\" \/>\n<meta property=\"og:title\" content=\"Laurentiu Trandafir | Psychoanalytic Psychotherapist | Abbey Wood\" \/>\n<meta property=\"og:description\" content=\"I became a psychotherapist because I wanted to be there for other people on their journey, no matter what they are dealing with.\" \/>\n<meta property=\"og:url\" content=\"https:\/\/www.abbeywoodtherapy.co.uk\/ro\/about-laurentiu-trandafir\/\" \/>\n<meta property=\"og:site_name\" content=\"Abbey Wood Therapy\" \/>\n<meta property=\"article:modified_time\" content=\"2026-02-13T10:34:13+00:00\" \/>\n<meta name=\"twitter:card\" content=\"summary_large_image\" \/>\n<meta name=\"twitter:label1\" content=\"Timp estimat pentru citire\" \/>\n\t<meta name=\"twitter:data1\" content=\"3 minute\" \/>\n<script type=\"application\/ld+json\" class=\"yoast-schema-graph\">{\"@context\":\"https:\\\/\\\/schema.org\",\"@graph\":[{\"@type\":\"WebPage\",\"@id\":\"https:\\\/\\\/www.abbeywoodtherapy.co.uk\\\/about-laurentiu-trandafir\\\/\",\"url\":\"https:\\\/\\\/www.abbeywoodtherapy.co.uk\\\/about-laurentiu-trandafir\\\/\",\"name\":\"Laurentiu Trandafir | Psychoanalytic Psychotherapist | Abbey Wood\",\"isPartOf\":{\"@id\":\"https:\\\/\\\/www.abbeywoodtherapy.co.uk\\\/#website\"},\"primaryImageOfPage\":{\"@id\":\"https:\\\/\\\/www.abbeywoodtherapy.co.uk\\\/about-laurentiu-trandafir\\\/#primaryimage\"},\"image\":{\"@id\":\"https:\\\/\\\/www.abbeywoodtherapy.co.uk\\\/about-laurentiu-trandafir\\\/#primaryimage\"},\"thumbnailUrl\":\"https:\\\/\\\/www.abbeywoodtherapy.co.uk\\\/wp-content\\\/uploads\\\/2022\\\/11\\\/Laurentiu-Trandafir-Abbey-Wood-Therapy.jpg\",\"datePublished\":\"2022-11-09T09:24:56+00:00\",\"dateModified\":\"2026-02-13T10:34:13+00:00\",\"description\":\"I became a psychotherapist because I wanted to be there for other people on their journey, no matter what they are dealing with.\",\"breadcrumb\":{\"@id\":\"https:\\\/\\\/www.abbeywoodtherapy.co.uk\\\/about-laurentiu-trandafir\\\/#breadcrumb\"},\"inLanguage\":\"ro-RO\",\"potentialAction\":[{\"@type\":\"ReadAction\",\"target\":[\"https:\\\/\\\/www.abbeywoodtherapy.co.uk\\\/about-laurentiu-trandafir\\\/\"]}]},{\"@type\":\"ImageObject\",\"inLanguage\":\"ro-RO\",\"@id\":\"https:\\\/\\\/www.abbeywoodtherapy.co.uk\\\/about-laurentiu-trandafir\\\/#primaryimage\",\"url\":\"https:\\\/\\\/www.abbeywoodtherapy.co.uk\\\/wp-content\\\/uploads\\\/2022\\\/11\\\/Laurentiu-Trandafir-Abbey-Wood-Therapy.jpg\",\"contentUrl\":\"https:\\\/\\\/www.abbeywoodtherapy.co.uk\\\/wp-content\\\/uploads\\\/2022\\\/11\\\/Laurentiu-Trandafir-Abbey-Wood-Therapy.jpg\"},{\"@type\":\"BreadcrumbList\",\"@id\":\"https:\\\/\\\/www.abbeywoodtherapy.co.uk\\\/about-laurentiu-trandafir\\\/#breadcrumb\",\"itemListElement\":[{\"@type\":\"ListItem\",\"position\":1,\"name\":\"Home\",\"item\":\"https:\\\/\\\/www.abbeywoodtherapy.co.uk\\\/\"},{\"@type\":\"ListItem\",\"position\":2,\"name\":\"About Laurentiu Trandafir\"}]},{\"@type\":\"WebSite\",\"@id\":\"https:\\\/\\\/www.abbeywoodtherapy.co.uk\\\/#website\",\"url\":\"https:\\\/\\\/www.abbeywoodtherapy.co.uk\\\/\",\"name\":\"Abbey Wood Therapy\",\"description\":\"Laurentiu Trandafir\",\"potentialAction\":[{\"@type\":\"SearchAction\",\"target\":{\"@type\":\"EntryPoint\",\"urlTemplate\":\"https:\\\/\\\/www.abbeywoodtherapy.co.uk\\\/?s={search_term_string}\"},\"query-input\":{\"@type\":\"PropertyValueSpecification\",\"valueRequired\":true,\"valueName\":\"search_term_string\"}}],\"inLanguage\":\"ro-RO\"}]}<\/script>\n<!-- \/ Yoast SEO plugin. -->","yoast_head_json":{"title":"Laurentiu Trandafir | Psychoanalytic Psychotherapist | Abbey Wood","description":"Am devenit psihoterapeut pentru c\u0103 am vrut s\u0103 fiu acolo pentru al\u021bi oameni \u00een c\u0103l\u0103toria lor, indiferent cu ce au de-a face.","robots":{"index":"index","follow":"follow","max-snippet":"max-snippet:-1","max-image-preview":"max-image-preview:large","max-video-preview":"max-video-preview:-1"},"canonical":"https:\/\/www.abbeywoodtherapy.co.uk\/ro\/about-laurentiu-trandafir\/","og_locale":"ro_RO","og_type":"article","og_title":"Laurentiu Trandafir | Psychoanalytic Psychotherapist | Abbey Wood","og_description":"I became a psychotherapist because I wanted to be there for other people on their journey, no matter what they are dealing with.","og_url":"https:\/\/www.abbeywoodtherapy.co.uk\/ro\/about-laurentiu-trandafir\/","og_site_name":"Abbey Wood Therapy","article_modified_time":"2026-02-13T10:34:13+00:00","twitter_card":"summary_large_image","twitter_misc":{"Timp estimat pentru citire":"3 minute"},"schema":{"@context":"https:\/\/schema.org","@graph":[{"@type":"WebPage","@id":"https:\/\/www.abbeywoodtherapy.co.uk\/about-laurentiu-trandafir\/","url":"https:\/\/www.abbeywoodtherapy.co.uk\/about-laurentiu-trandafir\/","name":"Laurentiu Trandafir | Psychoanalytic Psychotherapist | Abbey Wood","isPartOf":{"@id":"https:\/\/www.abbeywoodtherapy.co.uk\/#website"},"primaryImageOfPage":{"@id":"https:\/\/www.abbeywoodtherapy.co.uk\/about-laurentiu-trandafir\/#primaryimage"},"image":{"@id":"https:\/\/www.abbeywoodtherapy.co.uk\/about-laurentiu-trandafir\/#primaryimage"},"thumbnailUrl":"https:\/\/www.abbeywoodtherapy.co.uk\/wp-content\/uploads\/2022\/11\/Laurentiu-Trandafir-Abbey-Wood-Therapy.jpg","datePublished":"2022-11-09T09:24:56+00:00","dateModified":"2026-02-13T10:34:13+00:00","description":"Am devenit psihoterapeut pentru c\u0103 am vrut s\u0103 fiu acolo pentru al\u021bi oameni \u00een c\u0103l\u0103toria lor, indiferent cu ce au de-a face.","breadcrumb":{"@id":"https:\/\/www.abbeywoodtherapy.co.uk\/about-laurentiu-trandafir\/#breadcrumb"},"inLanguage":"ro-RO","potentialAction":[{"@type":"ReadAction","target":["https:\/\/www.abbeywoodtherapy.co.uk\/about-laurentiu-trandafir\/"]}]},{"@type":"ImageObject","inLanguage":"ro-RO","@id":"https:\/\/www.abbeywoodtherapy.co.uk\/about-laurentiu-trandafir\/#primaryimage","url":"https:\/\/www.abbeywoodtherapy.co.uk\/wp-content\/uploads\/2022\/11\/Laurentiu-Trandafir-Abbey-Wood-Therapy.jpg","contentUrl":"https:\/\/www.abbeywoodtherapy.co.uk\/wp-content\/uploads\/2022\/11\/Laurentiu-Trandafir-Abbey-Wood-Therapy.jpg"},{"@type":"BreadcrumbList","@id":"https:\/\/www.abbeywoodtherapy.co.uk\/about-laurentiu-trandafir\/#breadcrumb","itemListElement":[{"@type":"ListItem","position":1,"name":"Home","item":"https:\/\/www.abbeywoodtherapy.co.uk\/"},{"@type":"ListItem","position":2,"name":"About Laurentiu Trandafir"}]},{"@type":"WebSite","@id":"https:\/\/www.abbeywoodtherapy.co.uk\/#website","url":"https:\/\/www.abbeywoodtherapy.co.uk\/","name":"Abbey Wood Therapy","description":"Laurentiu Trandafir","potentialAction":[{"@type":"SearchAction","target":{"@type":"EntryPoint","urlTemplate":"https:\/\/www.abbeywoodtherapy.co.uk\/?s={search_term_string}"},"query-input":{"@type":"PropertyValueSpecification","valueRequired":true,"valueName":"search_term_string"}}],"inLanguage":"ro-RO"}]}},"builder_content":"<h1 style=\"text-align: center;\">About Laurentiu Trandafir<\/h1>\n<h2>Qualifications and Training<\/h2> <ul> <li>Psychoanalytic Psychotherapy Training, The Guild of Psychotherapists (ongoing)<\/li> <li>Postgraduate certificate, Psychoanalysis.<\/li> <li>BA (Hons), Political Philosophy.<\/li> <\/ul>\n<img src=\"https:\/\/www.abbeywoodtherapy.co.uk\/wp-content\/uploads\/2022\/11\/Laurentiu-Trandafir-Abbey-Wood-Therapy.jpg\" title=\"Laurentiu-Trandafir-Abbey-Wood-Therapy\" alt=\"Laurentiu Trandafir, Abbey Wood Therapy, Psychonalytic Psychotherapist\" srcset=\"https:\/\/www.abbeywoodtherapy.co.uk\/wp-content\/uploads\/2022\/11\/Laurentiu-Trandafir-Abbey-Wood-Therapy.jpg 532w, https:\/\/www.abbeywoodtherapy.co.uk\/wp-content\/uploads\/2022\/11\/Laurentiu-Trandafir-Abbey-Wood-Therapy-300x300.jpg 300w, https:\/\/www.abbeywoodtherapy.co.uk\/wp-content\/uploads\/2022\/11\/Laurentiu-Trandafir-Abbey-Wood-Therapy-150x150.jpg 150w\" sizes=\"(max-width: 532px) 100vw, 532px\" \/>\n<img src=\"https:\/\/www.abbeywoodtherapy.co.uk\/wp-content\/uploads\/2022\/11\/divider-mid-green.svg\" title=\"divider-mid-green\" alt=\"Abbey Wood Therapy, Divider,\">\n<h2>Clinical training in Psychoanalytic Psychotherapy\u00a0<\/h2> <p>I am approaching the end of my training (2022) at The Guild of Psychotherapists, working towards full accreditation (after 5 years). I have a trainee membership with UKCP, and I abide by their Ethical Code of Practice.<\/p> <h2>Background<\/h2> <p>I have been trying to make sense of the world (or people) around me since I can remember. My interest took me to psychology and more broadly to questions about how the mind works.<\/p> <p>Why are we sad? Or happy? Or even angry? Is it just a response to an external or present action, or is there more to it than that?\u00a0<\/p> <p>If the past influences the present, then how can we introduce change? Is our life determined from birth or do we get to make choices? If we do, how do we know we made the right choice(s)?<\/p> <p>All these questions have led me to study philosophy in trying to figure out how others have answered these questions before us.<\/p> <h2>Why I became a psychotherapist<\/h2> <p>I then realised that there may be a way to answer at least some if not all these questions for ourselves. That has brought me to psychoanalysis.\u00a0<\/p> <p>I recognised that psychotherapy is a journey you embark upon, if you would like to get to know how you came to be who you are. Also perhaps to rediscover your past in a different light. It might not always be easy or comfortable, but it is a path towards self-knowledge.\u00a0<\/p> <p>I became a psychotherapist because I wanted to be there for other people on their journey, no matter what they are dealing with.<\/p> <h2>How I work<\/h2> <p>I work by trying to explore with you the different aspects of your life that you find difficult, challenging or you feel ambivalent about.<\/p> <p>I am interested in what brings you to seek psychotherapy, the connection between childhood and other past experiences and your present difficulties, as well as discovering unconscious parts of your personality.<\/p> <p>Read more about <a href=\"https:\/\/www.abbeywoodtherapy.co.uk\/?page_id=67\">my approach \u2192\u00a0<\/a><\/p> <h2>About the space<\/h2> <p>I work from a quiet and cosy consulting room in Abbey Wood, a couple of minutes away from the Abbey Wood station and the new Elizabeth Line.<\/p> <p>I also see people in Central London at the Guild of Psychotherapists in Southwark.\u00a0<\/p> <p>I also work online with people living outside the London area.<\/p>","_links":{"self":[{"href":"https:\/\/www.abbeywoodtherapy.co.uk\/ro\/wp-json\/wp\/v2\/pages\/65","targetHints":{"allow":["GET"]}}],"collection":[{"href":"https:\/\/www.abbeywoodtherapy.co.uk\/ro\/wp-json\/wp\/v2\/pages"}],"about":[{"href":"https:\/\/www.abbeywoodtherapy.co.uk\/ro\/wp-json\/wp\/v2\/types\/page"}],"author":[{"embeddable":true,"href":"https:\/\/www.abbeywoodtherapy.co.uk\/ro\/wp-json\/wp\/v2\/users\/1"}],"replies":[{"embeddable":true,"href":"https:\/\/www.abbeywoodtherapy.co.uk\/ro\/wp-json\/wp\/v2\/comments?post=65"}],"version-history":[{"count":45,"href":"https:\/\/www.abbeywoodtherapy.co.uk\/ro\/wp-json\/wp\/v2\/pages\/65\/revisions"}],"predecessor-version":[{"id":507,"href":"https:\/\/www.abbeywoodtherapy.co.uk\/ro\/wp-json\/wp\/v2\/pages\/65\/revisions\/507"}],"wp:attachment":[{"href":"https:\/\/www.abbeywoodtherapy.co.uk\/ro\/wp-json\/wp\/v2\/media?parent=65"}],"curies":[{"name":"wp","href":"https:\/\/api.w.org\/{rel}","templated":true}]}}